{"id":76526,"date":"2017-05-05T11:55:57","date_gmt":"2017-05-05T11:55:57","guid":{"rendered":"http:\/\/testing.urbangallery.es\/sobre-nosotros\/"},"modified":"2019-01-18T16:42:36","modified_gmt":"2019-01-18T16:42:36","slug":"sobre-nosotros","status":"publish","type":"page","link":"https:\/\/www.urbangallery.es\/en\/sobre-nosotros\/","title":{"rendered":"Sobre nosotros"},"content":{"rendered":"<div class=\"wpb-content-wrapper\"><p>[vc_row row_height_percent=&#8221;0&#8243; override_padding=&#8221;yes&#8221; h_padding=&#8221;2&#8243; top_padding=&#8221;0&#8243; bottom_padding=&#8221;0&#8243; overlay_alpha=&#8221;50&#8243; gutter_size=&#8221;3&#8243; column_width_percent=&#8221;100&#8243; shift_y=&#8221;0&#8243; z_index=&#8221;0&#8243;][vc_column column_width_percent=&#8221;100&#8243; override_padding=&#8221;yes&#8221; column_padding=&#8221;3&#8243; back_color=&#8221;color-xsdn&#8221; overlay_alpha=&#8221;50&#8243; gutter_size=&#8221;3&#8243; medium_width=&#8221;0&#8243; mobile_width=&#8221;0&#8243; shift_x=&#8221;0&#8243; shift_y=&#8221;-4&#8243; shift_y_fixed=&#8221;yes&#8221; shift_y_down=&#8221;0&#8243; z_index=&#8221;0&#8243; width=&#8221;1\/1&#8243;][vc_row_inner row_inner_height_percent=&#8221;0&#8243; overlay_alpha=&#8221;50&#8243; equal_height=&#8221;yes&#8221; gutter_size=&#8221;0&#8243; shift_y=&#8221;0&#8243;][vc_column_inner column_width_percent=&#8221;100&#8243; position_vertical=&#8221;middle&#8221; align_horizontal=&#8221;align_center&#8221; override_padding=&#8221;yes&#8221; column_padding=&#8221;2&#8243; gutter_size=&#8221;3&#8243; font_family=&#8221;font-377884&#8243; overlay_alpha=&#8221;50&#8243; medium_width=&#8221;6&#8243; align_mobile=&#8221;align_center_mobile&#8221; mobile_width=&#8221;0&#8243; shift_x=&#8221;0&#8243; shift_y=&#8221;0&#8243; shift_y_down=&#8221;0&#8243; z_index=&#8221;0&#8243; width=&#8221;1\/1&#8243;][vc_custom_heading text_space=&#8221;fontspace-781688&#8243; text_font=&#8221;font-377884&#8243; text_weight=&#8221;200&#8243; text_italic=&#8221;yes&#8221;]<\/p>\n<h2 style=\"text-align: center;\">URBAN GALLERY ES UN PROYECTO DE BELEN URBAN QUE SE FUND\u00d3 EN 1.993\u00a0DESDE ENTONCES PROMOCIONA EL ARTE DE MANERA CONTINUA.<\/h2>\n<p>[\/vc_custom_heading][\/vc_column_inner][\/vc_row_inner][\/vc_column][\/vc_row][vc_row row_height_percent=&#8221;0&#8243; override_padding=&#8221;yes&#8221; h_padding=&#8221;2&#8243; top_padding=&#8221;0&#8243; bottom_padding=&#8221;0&#8243; overlay_alpha=&#8221;50&#8243; gutter_size=&#8221;3&#8243; column_width_percent=&#8221;100&#8243; shift_y=&#8221;0&#8243; z_index=&#8221;0&#8243;][vc_column column_width_use_pixel=&#8221;yes&#8221; font_family=&#8221;font-377884&#8243; overlay_alpha=&#8221;50&#8243; gutter_size=&#8221;2&#8243; medium_width=&#8221;0&#8243; align_mobile=&#8221;align_center_mobile&#8221; mobile_width=&#8221;0&#8243; shift_x=&#8221;0&#8243; shift_y=&#8221;0&#8243; shift_y_down=&#8221;0&#8243; z_index=&#8221;0&#8243; width=&#8221;1\/1&#8243; column_width_pixel=&#8221;800&#8243;][vc_column_text text_lead=&#8221;yes&#8221;]Ya en 1.998 fue una de las primeras salas de arte en crear su propia p\u00e1gina web y con la idea de generar nuevos espacios culturales, la pionera en realizar una exposici\u00f3n virtual simult\u00e1nea e interactiva.<\/p>\n<p>con el objetivo de aglutinar creaciones art\u00edsticamente estimulantes, y al mismo tiempo mejorar los recursos de difusi\u00f3n, en 2006 apuesta por un espacio virtual y participa activamente en proyectos vinculados a la red, especialmente en videoarte y ferias como estampa, arts libris, casa arte, loop, artesantander&#8230;<br \/>\nurban gallery est\u00e1 comprometida con la difusi\u00f3n de los diferentes lenguajes de sus artistas y facilita el acercamiento del p\u00fablico nacional e internacional.<\/p>\n<p>tenemos la suerte de trabajar en lo que m\u00e1s nos gusta, por ello, en 2011 nos adaptamos a las redes sociales para disfrutar de una mayor interacci\u00f3n con nuestro p\u00fablico, porque queremos mejorar ese di\u00e1logo constante que siempre hemos tenido, que nos distingue y nos hace crecer d\u00eda a d\u00eda.[\/vc_column_text][\/vc_column][\/vc_row][vc_row row_height_percent=&#8221;0&#8243; override_padding=&#8221;yes&#8221; h_padding=&#8221;2&#8243; top_padding=&#8221;4&#8243; bottom_padding=&#8221;4&#8243; overlay_alpha=&#8221;50&#8243; gutter_size=&#8221;3&#8243; column_width_percent=&#8221;100&#8243; shift_y=&#8221;0&#8243; z_index=&#8221;0&#8243;][vc_column width=&#8221;1\/1&#8243;][vc_gallery el_id=&#8221;gallery-151482&#8243; medias=&#8221;11315,11298,11300&#8243; gutter_size=&#8221;2&#8243; media_items=&#8221;media|nolink|original,title,caption,description&#8221; screen_lg=&#8221;480&#8243; screen_md=&#8221;480&#8243; screen_sm=&#8221;480&#8243; images_size=&#8221;three-four&#8221; single_overlay_opacity=&#8221;50&#8243; single_image_anim=&#8221;no&#8221; single_h_align=&#8221;center&#8221; single_padding=&#8221;3&#8243; single_title_dimension=&#8221;h3&#8243; single_title_family=&#8221;font-202503&#8243; single_title_weight=&#8221;400&#8243; single_title_space=&#8221;fontspace-781688&#8243; single_border=&#8221;yes&#8221; items=&#8221;eyI1NjY4OF9pIjp7InNpbmdsZV9pY29uIjoiIiwic2luZ2xlX3dpZHRoIjoiMTIiLCJpbWFnZXNfc2l6ZSI6InNpeHRlZW4tbmluZSJ9LCI1ODQ3MF9pIjp7InNpbmdsZV93aWR0aCI6IjEyIiwiaW1hZ2VzX3NpemUiOiJmb3VyLXRocmVlIn19&#8243;][\/vc_column][\/vc_row]<\/p>\n<\/div>","protected":false},"excerpt":{"rendered":"<p>[vc_row row_height_percent=&#8221;0&#8243; override_padding=&#8221;yes&#8221; h_padding=&#8221;2&#8243; top_padding=&#8221;0&#8243; bottom_padding=&#8221;0&#8243; overlay_alpha=&#8221;50&#8243; gutter_size=&#8221;3&#8243; column_width_percent=&#8221;100&#8243; shift_y=&#8221;0&#8243; z_index=&#8221;0&#8243;][vc_column column_width_percent=&#8221;100&#8243; override_padding=&#8221;yes&#8221; column_padding=&#8221;3&#8243; back_color=&#8221;color-xsdn&#8221; overlay_alpha=&#8221;50&#8243; gutter_size=&#8221;3&#8243; medium_width=&#8221;0&#8243; mobile_width=&#8221;0&#8243; shift_x=&#8221;0&#8243; [&hellip;]<\/p>\n","protected":false},"author":1,"featured_media":0,"parent":0,"menu_order":0,"comment_status":"closed","ping_status":"closed","template":"","meta":{"_monsterinsights_skip_tracking":false,"_monsterinsights_sitenote_active":false,"_monsterinsights_sitenote_note":"","_monsterinsights_sitenote_category":0,"footnotes":""},"class_list":["post-76526","page","type-page","status-publish","hentry"],"yoast_head":"<!-- This site is optimized with the Yoast SEO plugin v27.3 - https:\/\/yoast.com\/product\/yoast-seo-wordpress\/ -->\n<title>Sobre nosotros | Contemporary Art Online Gallery | Urban Gallery<\/title>\n<meta name=\"robots\" content=\"index, follow, max-snippet:-1, max-image-preview:large, max-video-preview:-1\" \/>\n<link rel=\"canonical\" href=\"https:\/\/www.urbangallery.es\/en\/sobre-nosotros\/\" \/>\n<meta property=\"og:locale\" content=\"en_US\" \/>\n<meta property=\"og:type\" content=\"article\" \/>\n<meta property=\"og:title\" content=\"Sobre nosotros | Contemporary Art Online Gallery | Urban Gallery\" \/>\n<meta property=\"og:description\" content=\"[vc_row row_height_percent=&#8221;0&#8243; override_padding=&#8221;yes&#8221; h_padding=&#8221;2&#8243; top_padding=&#8221;0&#8243; bottom_padding=&#8221;0&#8243; overlay_alpha=&#8221;50&#8243; gutter_size=&#8221;3&#8243; column_width_percent=&#8221;100&#8243; shift_y=&#8221;0&#8243; z_index=&#8221;0&#8243;][vc_column column_width_percent=&#8221;100&#8243; override_padding=&#8221;yes&#8221; column_padding=&#8221;3&#8243; back_color=&#8221;color-xsdn&#8221; overlay_alpha=&#8221;50&#8243; gutter_size=&#8221;3&#8243; medium_width=&#8221;0&#8243; mobile_width=&#8221;0&#8243; shift_x=&#8221;0&#8243; [&hellip;]\" \/>\n<meta property=\"og:url\" content=\"https:\/\/www.urbangallery.es\/en\/sobre-nosotros\/\" \/>\n<meta property=\"og:site_name\" content=\"Contemporary Art Online Gallery | Urban Gallery\" \/>\n<meta property=\"article:publisher\" content=\"https:\/\/www.facebook.com\/pages\/Urban-Gallery\/216846208337276\" \/>\n<meta property=\"article:modified_time\" content=\"2019-01-18T16:42:36+00:00\" \/>\n<meta name=\"twitter:card\" content=\"summary_large_image\" \/>\n<meta name=\"twitter:site\" content=\"@GalleryUrban\" \/>\n<meta name=\"twitter:label1\" content=\"Est. reading time\" \/>\n\t<meta name=\"twitter:data1\" content=\"3 minutes\" \/>\n<script type=\"application\/ld+json\" class=\"yoast-schema-graph\">{\"@context\":\"https:\\\/\\\/schema.org\",\"@graph\":[{\"@type\":\"WebPage\",\"@id\":\"https:\\\/\\\/www.urbangallery.es\\\/en\\\/sobre-nosotros\\\/\",\"url\":\"https:\\\/\\\/www.urbangallery.es\\\/en\\\/sobre-nosotros\\\/\",\"name\":\"Sobre nosotros | Contemporary Art Online Gallery | Urban Gallery\",\"isPartOf\":{\"@id\":\"https:\\\/\\\/www.urbangallery.es\\\/#website\"},\"datePublished\":\"2017-05-05T11:55:57+00:00\",\"dateModified\":\"2019-01-18T16:42:36+00:00\",\"breadcrumb\":{\"@id\":\"https:\\\/\\\/www.urbangallery.es\\\/en\\\/sobre-nosotros\\\/#breadcrumb\"},\"inLanguage\":\"en-US\",\"potentialAction\":[{\"@type\":\"ReadAction\",\"target\":[\"https:\\\/\\\/www.urbangallery.es\\\/en\\\/sobre-nosotros\\\/\"]}]},{\"@type\":\"BreadcrumbList\",\"@id\":\"https:\\\/\\\/www.urbangallery.es\\\/en\\\/sobre-nosotros\\\/#breadcrumb\",\"itemListElement\":[{\"@type\":\"ListItem\",\"position\":1,\"name\":\"Portada\",\"item\":\"https:\\\/\\\/www.urbangallery.es\\\/\"},{\"@type\":\"ListItem\",\"position\":2,\"name\":\"Sobre nosotros\"}]},{\"@type\":\"WebSite\",\"@id\":\"https:\\\/\\\/www.urbangallery.es\\\/#website\",\"url\":\"https:\\\/\\\/www.urbangallery.es\\\/\",\"name\":\"Urban Gallery\",\"description\":\"\",\"publisher\":{\"@id\":\"https:\\\/\\\/www.urbangallery.es\\\/#organization\"},\"potentialAction\":[{\"@type\":\"SearchAction\",\"target\":{\"@type\":\"EntryPoint\",\"urlTemplate\":\"https:\\\/\\\/www.urbangallery.es\\\/?s={search_term_string}\"},\"query-input\":{\"@type\":\"PropertyValueSpecification\",\"valueRequired\":true,\"valueName\":\"search_term_string\"}}],\"inLanguage\":\"en-US\"},{\"@type\":\"Organization\",\"@id\":\"https:\\\/\\\/www.urbangallery.es\\\/#organization\",\"name\":\"Urban Gallery\",\"url\":\"https:\\\/\\\/www.urbangallery.es\\\/\",\"logo\":{\"@type\":\"ImageObject\",\"inLanguage\":\"en-US\",\"@id\":\"https:\\\/\\\/www.urbangallery.es\\\/#\\\/schema\\\/logo\\\/image\\\/\",\"url\":\"https:\\\/\\\/www.urbangallery.es\\\/wp-content\\\/uploads\\\/2018\\\/11\\\/Logo_Urbangallery-slider-peq2.jpg\",\"contentUrl\":\"https:\\\/\\\/www.urbangallery.es\\\/wp-content\\\/uploads\\\/2018\\\/11\\\/Logo_Urbangallery-slider-peq2.jpg\",\"width\":1600,\"height\":1001,\"caption\":\"Urban Gallery\"},\"image\":{\"@id\":\"https:\\\/\\\/www.urbangallery.es\\\/#\\\/schema\\\/logo\\\/image\\\/\"},\"sameAs\":[\"https:\\\/\\\/www.facebook.com\\\/pages\\\/Urban-Gallery\\\/216846208337276\",\"https:\\\/\\\/x.com\\\/GalleryUrban\",\"https:\\\/\\\/www.instagram.com\\\/urbangallerybarcelona_\\\/\"]}]}<\/script>\n<!-- \/ Yoast SEO plugin. -->","yoast_head_json":{"title":"Sobre nosotros | Contemporary Art Online Gallery | Urban Gallery","robots":{"index":"index","follow":"follow","max-snippet":"max-snippet:-1","max-image-preview":"max-image-preview:large","max-video-preview":"max-video-preview:-1"},"canonical":"https:\/\/www.urbangallery.es\/en\/sobre-nosotros\/","og_locale":"en_US","og_type":"article","og_title":"Sobre nosotros | Contemporary Art Online Gallery | Urban Gallery","og_description":"[vc_row row_height_percent=&#8221;0&#8243; override_padding=&#8221;yes&#8221; h_padding=&#8221;2&#8243; top_padding=&#8221;0&#8243; bottom_padding=&#8221;0&#8243; overlay_alpha=&#8221;50&#8243; gutter_size=&#8221;3&#8243; column_width_percent=&#8221;100&#8243; shift_y=&#8221;0&#8243; z_index=&#8221;0&#8243;][vc_column column_width_percent=&#8221;100&#8243; override_padding=&#8221;yes&#8221; column_padding=&#8221;3&#8243; back_color=&#8221;color-xsdn&#8221; overlay_alpha=&#8221;50&#8243; gutter_size=&#8221;3&#8243; medium_width=&#8221;0&#8243; mobile_width=&#8221;0&#8243; shift_x=&#8221;0&#8243; [&hellip;]","og_url":"https:\/\/www.urbangallery.es\/en\/sobre-nosotros\/","og_site_name":"Contemporary Art Online Gallery | Urban Gallery","article_publisher":"https:\/\/www.facebook.com\/pages\/Urban-Gallery\/216846208337276","article_modified_time":"2019-01-18T16:42:36+00:00","twitter_card":"summary_large_image","twitter_site":"@GalleryUrban","twitter_misc":{"Est. reading time":"3 minutes"},"schema":{"@context":"https:\/\/schema.org","@graph":[{"@type":"WebPage","@id":"https:\/\/www.urbangallery.es\/en\/sobre-nosotros\/","url":"https:\/\/www.urbangallery.es\/en\/sobre-nosotros\/","name":"Sobre nosotros | Contemporary Art Online Gallery | Urban Gallery","isPartOf":{"@id":"https:\/\/www.urbangallery.es\/#website"},"datePublished":"2017-05-05T11:55:57+00:00","dateModified":"2019-01-18T16:42:36+00:00","breadcrumb":{"@id":"https:\/\/www.urbangallery.es\/en\/sobre-nosotros\/#breadcrumb"},"inLanguage":"en-US","potentialAction":[{"@type":"ReadAction","target":["https:\/\/www.urbangallery.es\/en\/sobre-nosotros\/"]}]},{"@type":"BreadcrumbList","@id":"https:\/\/www.urbangallery.es\/en\/sobre-nosotros\/#breadcrumb","itemListElement":[{"@type":"ListItem","position":1,"name":"Portada","item":"https:\/\/www.urbangallery.es\/"},{"@type":"ListItem","position":2,"name":"Sobre nosotros"}]},{"@type":"WebSite","@id":"https:\/\/www.urbangallery.es\/#website","url":"https:\/\/www.urbangallery.es\/","name":"Urban Gallery","description":"","publisher":{"@id":"https:\/\/www.urbangallery.es\/#organization"},"potentialAction":[{"@type":"SearchAction","target":{"@type":"EntryPoint","urlTemplate":"https:\/\/www.urbangallery.es\/?s={search_term_string}"},"query-input":{"@type":"PropertyValueSpecification","valueRequired":true,"valueName":"search_term_string"}}],"inLanguage":"en-US"},{"@type":"Organization","@id":"https:\/\/www.urbangallery.es\/#organization","name":"Urban Gallery","url":"https:\/\/www.urbangallery.es\/","logo":{"@type":"ImageObject","inLanguage":"en-US","@id":"https:\/\/www.urbangallery.es\/#\/schema\/logo\/image\/","url":"https:\/\/www.urbangallery.es\/wp-content\/uploads\/2018\/11\/Logo_Urbangallery-slider-peq2.jpg","contentUrl":"https:\/\/www.urbangallery.es\/wp-content\/uploads\/2018\/11\/Logo_Urbangallery-slider-peq2.jpg","width":1600,"height":1001,"caption":"Urban Gallery"},"image":{"@id":"https:\/\/www.urbangallery.es\/#\/schema\/logo\/image\/"},"sameAs":["https:\/\/www.facebook.com\/pages\/Urban-Gallery\/216846208337276","https:\/\/x.com\/GalleryUrban","https:\/\/www.instagram.com\/urbangallerybarcelona_\/"]}]}},"_links":{"self":[{"href":"https:\/\/www.urbangallery.es\/en\/wp-json\/wp\/v2\/pages\/76526","targetHints":{"allow":["GET"]}}],"collection":[{"href":"https:\/\/www.urbangallery.es\/en\/wp-json\/wp\/v2\/pages"}],"about":[{"href":"https:\/\/www.urbangallery.es\/en\/wp-json\/wp\/v2\/types\/page"}],"author":[{"embeddable":true,"href":"https:\/\/www.urbangallery.es\/en\/wp-json\/wp\/v2\/users\/1"}],"replies":[{"embeddable":true,"href":"https:\/\/www.urbangallery.es\/en\/wp-json\/wp\/v2\/comments?post=76526"}],"version-history":[{"count":0,"href":"https:\/\/www.urbangallery.es\/en\/wp-json\/wp\/v2\/pages\/76526\/revisions"}],"wp:attachment":[{"href":"https:\/\/www.urbangallery.es\/en\/wp-json\/wp\/v2\/media?parent=76526"}],"curies":[{"name":"wp","href":"https:\/\/api.w.org\/{rel}","templated":true}]}}